{"id":17,"date":"2020-07-28T19:54:23","date_gmt":"2020-07-28T17:54:23","guid":{"rendered":"https:\/\/csm.bf\/?page_id=17"},"modified":"2020-07-30T12:39:06","modified_gmt":"2020-07-30T10:39:06","slug":"la-saisine-du-csm","status":"publish","type":"page","link":"https:\/\/csm.bf\/?page_id=17","title":{"rendered":"La saisine du CSM"},"content":{"rendered":"\n<p>Le Conseil sup\u00e9rieur de la magistrature peut \u00eatre saisi par l\u2019ex\u00e9cutif, par les magistrats et par les justiciables.<\/p>\n\n\n\n<p>L\u2019ex\u00e9cutif peut saisir le CSM afin de requ\u00e9rir son avis sur des demandes de bonification d\u2019\u00e9chelon ( Art. 150 de la loi 050-2015\/CNT du 25 ao\u00fbt 2015), les sorties temporaires des magistrats (R\u00e9solution n\u00b0001-2019\/CSM du 17 d\u00e9cembre 2019 portant fixation des r\u00e8gles et modalit\u00e9s d\u2019\u00e9mission des avis du CSM sur les sorties temporaires des magistrats) et sur certains projets de textes l\u00e9gislatifs ou r\u00e8glementaires lorsque ceux-ci concernent&nbsp;(Art. 11 et 12 de la loi 049-2015&nbsp;\/CNT du 25 ao\u00fbt 2015) :<\/p>\n\n\n\n<p>&#8211; l\u2019ind\u00e9pendance de la magistrature ;<\/p>\n\n\n\n<p>&#8211; la d\u00e9ontologie des magistrats ;<\/p>\n\n\n\n<p>&#8211; le fonctionnement de la justice ;<\/p>\n\n\n\n<p>&#8211; l\u2019exercice du droit de gr\u00e2ce ;<\/p>\n\n\n\n<p>&#8211; l\u2019attribution des distinctions honorifiques aux magistrats ;<\/p>\n\n\n\n<p>&#8211; l\u2019attribution de l\u2019honorariat aux magistrats.<\/p>\n\n\n\n<p>Le CSM peut \u00eatre saisi par les magistrats de tous grades pour des questions de bonification d\u2019\u00e9chelon suite \u00e0 des d\u00e9corations et pour toutes autres pr\u00e9occupations relatives \u00e0 la gestion de leur carri\u00e8re.<\/p>\n\n\n\n<p>En mati\u00e8re disciplinaire, le conseil de discipline du CSM peut \u00eatre saisi par&nbsp;:<\/p>\n\n\n\n<p>&#8211; le Ministre de la Justice saisi de faits constitutifs de faute disciplinaire contre un magistrat. Dans ce cas, il est tenu d\u2019enclencher la proc\u00e9dure disciplinaire (Art. 32 de la loi n\u00b0049-2015\/CNT du 25 ao\u00fbt 2015 portant organisation, composition, attributions et fonctionnement du CSM).<\/p>\n\n\n\n<p>&#8211; &nbsp;Le conseil de discipline peut \u00e9galement \u00eatre saisi par les chefs de Cours, Procureurs g\u00e9n\u00e9raux et les commissaires du gouvernement pr\u00e8s lesdites Cours.<\/p>\n\n\n\n<p>&#8211; Tout justiciable qui estime qu&rsquo;\u00e0 l&rsquo;occasion d&rsquo;une proc\u00e9dure judiciaire le concernant, le comportement d\u2019un magistrat dans l&rsquo;exercice de ses fonctions est susceptible de recevoir la qualification de faute disciplinaire peut aussi saisir le CSM en adressant une plainte ou une d\u00e9nonciation \u00e9crite au Pr\u00e9sident du Conseil de discipline du CSM. Ces plaintes ou d\u00e9nonciations sont d\u00e9pos\u00e9es au Secr\u00e9tariat permanent du conseil sup\u00e9rieur de la magistrature. Elles sont ensuite examin\u00e9es par la commission d\u2019admission des requ\u00eates dont les d\u00e9cisions sont sans recours. (Art 33 et 35 de la loi n\u00b0049-2015\/CNT du 25 ao\u00fbt 2015 portant organisation, composition, attributions et fonctionnement du CSM).<\/p>\n","protected":false},"excerpt":{"rendered":"<p>Le Conseil sup\u00e9rieur de la magistrature peut \u00eatre saisi par l\u2019ex\u00e9cutif, par les magistrats et par les justiciables. L\u2019ex\u00e9cutif peut saisir le CSM afin de requ\u00e9rir son avis sur des demandes de bonification d\u2019\u00e9chelon ( Art. 150 de la loi 050-2015\/CNT du 25 ao\u00fbt 2015), les sorties temporaires des magistrats (R\u00e9solution n\u00b0001-2019\/CSM du 17 d\u00e9cembre&#8230;<\/p>\n","protected":false},"author":1,"featured_media":0,"parent":0,"menu_order":0,"comment_status":"closed","ping_status":"closed","template":"","meta":{"footnotes":""},"_links":{"self":[{"href":"https:\/\/csm.bf\/index.php?rest_route=\/wp\/v2\/pages\/17"}],"collection":[{"href":"https:\/\/csm.bf\/index.php?rest_route=\/wp\/v2\/pages"}],"about":[{"href":"https:\/\/csm.bf\/index.php?rest_route=\/wp\/v2\/types\/page"}],"author":[{"embeddable":true,"href":"https:\/\/csm.bf\/index.php?rest_route=\/wp\/v2\/users\/1"}],"replies":[{"embeddable":true,"href":"https:\/\/csm.bf\/index.php?rest_route=%2Fwp%2Fv2%2Fcomments&post=17"}],"version-history":[{"count":2,"href":"https:\/\/csm.bf\/index.php?rest_route=\/wp\/v2\/pages\/17\/revisions"}],"predecessor-version":[{"id":230,"href":"https:\/\/csm.bf\/index.php?rest_route=\/wp\/v2\/pages\/17\/revisions\/230"}],"wp:attachment":[{"href":"https:\/\/csm.bf\/index.php?rest_route=%2Fwp%2Fv2%2Fmedia&parent=17"}],"curies":[{"name":"wp","href":"https:\/\/api.w.org\/{rel}","templated":true}]}}