{"id":25,"date":"2020-07-28T19:56:08","date_gmt":"2020-07-28T17:56:08","guid":{"rendered":"https:\/\/csm.bf\/?page_id=25"},"modified":"2020-07-30T12:27:55","modified_gmt":"2020-07-30T10:27:55","slug":"bases-juridiques","status":"publish","type":"page","link":"https:\/\/csm.bf\/?page_id=25","title":{"rendered":"Bases juridiques"},"content":{"rendered":"\n<p>Le &nbsp;Conseil &nbsp;sup\u00e9rieur &nbsp;de &nbsp;la &nbsp;magistrature est un organe pr\u00e9vu par la Constitution. Ainsi, avec la Constitution de 1991, l\u2019on note principalement les dispositions de l\u2019article 133, alin\u00e9a 2 qui pr\u00e9cisent <em>qu\u2019une<\/em><em> <\/em><em>loi organique fixe l\u2019organisation, la composition, les attributions et le fonctionnement du Conseil sup\u00e9rieur de la magistrature<\/em>.<\/p>\n\n\n\n<p>Toutefois dans le souci de se conformer aux standards internationaux relatifs aux garanties d\u2019ind\u00e9pendance des magistrats, le Conseil national de la transition (CNT)<a href=\"#_ftn1\">[1]<\/a> a pu identifier les principaux crit\u00e8res d\u2019ind\u00e9pendance du Conseil sup\u00e9rieur de la magistrature. Ce faisant, la loi constitutionnelle n\u00b0072-2015\/CNT du 05 novembre 2015 portant r\u00e9vision de la Constitution, a introduit des innovations se retrouvant aux articles 130, 131, 132 et 134.<\/p>\n\n\n\n<p>Aussi, un autre fondement juridique du CSM est-il la loi organique n\u00b0050-2015\/CNT du 25 ao\u00fbt 2015 portant statut de la magistrature \u00e0 travers les dispositions de l\u2019article 10. Mais la loi organique n\u00b0049-2015\/CNT du 25 ao\u00fbt 2015 portant organisation, composition, attributions et fonctionnement du Conseil sup\u00e9rieur de la magistrature, constitue la base juridique principale du CSM.<\/p>\n\n\n\n<p>A cela, il faut ajouter son d\u00e9cret d\u2019application, led\u00e9cret n\u00b02016-377\/PRES\/PM\/MJDHPC\/MINEFID du 20 mai 2016 portant application de la loi organique n\u00b0049-2015\/CNT du 25 ao\u00fbt 2015 portant organisation, composition, attributions et fonctionnement du Conseil sup\u00e9rieur de la magistrature.<\/p>\n\n\n\n<hr class=\"wp-block-separator\"\/>\n\n\n\n<p><a href=\"#_ftnref1\">[1]<\/a> Suite \u00e0 l\u2019insurrection des 30 et 31 octobre 2014, une Charte de la transition d\u2019une dur\u00e9e d\u2019un an a \u00e9t\u00e9 sign\u00e9e entre les partis politiques, la soci\u00e9t\u00e9 civile, les forces de s\u00e9curit\u00e9, les autorit\u00e9s religieuses et coutumi\u00e8res. Se fondant sur la Constitution de 1991 et s\u2019engageant \u00e0 construire un v\u00e9ritable Etat de droit d\u00e9mocratique, cette charte a organis\u00e9 la d\u00e9signation d\u2019un Pr\u00e9sident de la transition, d\u2019un gouvernement et d\u2019un organe l\u00e9gislatif d\u00e9nomm\u00e9 Conseil national de transition.<\/p>\n","protected":false},"excerpt":{"rendered":"<p>Le &nbsp;Conseil &nbsp;sup\u00e9rieur &nbsp;de &nbsp;la &nbsp;magistrature est un organe pr\u00e9vu par la Constitution. Ainsi, avec la Constitution de 1991, l\u2019on note principalement les dispositions de l\u2019article 133, alin\u00e9a 2 qui pr\u00e9cisent qu\u2019une loi organique fixe l\u2019organisation, la composition, les attributions et le fonctionnement du Conseil sup\u00e9rieur de la magistrature. Toutefois dans le souci de se&#8230;<\/p>\n","protected":false},"author":1,"featured_media":0,"parent":0,"menu_order":0,"comment_status":"closed","ping_status":"closed","template":"","meta":{"footnotes":""},"_links":{"self":[{"href":"https:\/\/csm.bf\/index.php?rest_route=\/wp\/v2\/pages\/25"}],"collection":[{"href":"https:\/\/csm.bf\/index.php?rest_route=\/wp\/v2\/pages"}],"about":[{"href":"https:\/\/csm.bf\/index.php?rest_route=\/wp\/v2\/types\/page"}],"author":[{"embeddable":true,"href":"https:\/\/csm.bf\/index.php?rest_route=\/wp\/v2\/users\/1"}],"replies":[{"embeddable":true,"href":"https:\/\/csm.bf\/index.php?rest_route=%2Fwp%2Fv2%2Fcomments&post=25"}],"version-history":[{"count":3,"href":"https:\/\/csm.bf\/index.php?rest_route=\/wp\/v2\/pages\/25\/revisions"}],"predecessor-version":[{"id":212,"href":"https:\/\/csm.bf\/index.php?rest_route=\/wp\/v2\/pages\/25\/revisions\/212"}],"wp:attachment":[{"href":"https:\/\/csm.bf\/index.php?rest_route=%2Fwp%2Fv2%2Fmedia&parent=25"}],"curies":[{"name":"wp","href":"https:\/\/api.w.org\/{rel}","templated":true}]}}